{"id":2381,"date":"2020-02-10T20:26:52","date_gmt":"2020-02-10T19:26:52","guid":{"rendered":"https:\/\/mywam.pl\/\/?page_id=2381"},"modified":"2023-06-30T14:40:25","modified_gmt":"2023-06-30T12:40:25","slug":"accessories","status":"publish","type":"page","link":"https:\/\/mywam.pl\/en\/accessories\/","title":{"rendered":"Accessories"},"content":{"rendered":"<p>[et_pb_section fb_built=&#8221;1&#8243; custom_padding_last_edited=&#8221;on|phone&#8221; _builder_version=&#8221;4.16&#8243; custom_margin_tablet=&#8221;&#8221; custom_margin_phone=&#8221;0px||0px||false|false&#8221; custom_margin_last_edited=&#8221;on|phone&#8221; custom_padding_tablet=&#8221;&#8221; custom_padding_phone=&#8221;0px||0px||false|false&#8221; global_colors_info=&#8221;{}&#8221;][et_pb_row custom_padding_last_edited=&#8221;on|phone&#8221; _builder_version=&#8221;4.16&#8243; custom_margin=&#8221;||||false|false&#8221; custom_padding_tablet=&#8221;&#8221; custom_padding_phone=&#8221;||0px||false|false&#8221; global_colors_info=&#8221;{}&#8221;][et_pb_column type=&#8221;4_4&#8243; _builder_version=&#8221;4.16&#8243; global_colors_info=&#8221;{}&#8221;][et_pb_post_title meta=&#8221;off&#8221; featured_image=&#8221;off&#8221; _builder_version=&#8221;4.16&#8243; text_orientation=&#8221;center&#8221; global_colors_info=&#8221;{}&#8221;][\/et_pb_post_title][\/et_pb_column][\/et_pb_row][\/et_pb_section][et_pb_section fb_built=&#8221;1&#8243; _builder_version=&#8221;4.16&#8243; custom_padding=&#8221;11px|||||&#8221; global_colors_info=&#8221;{}&#8221;][et_pb_row use_custom_gutter=&#8221;on&#8221; _builder_version=&#8221;4.16&#8243; custom_padding=&#8221;||6px|||&#8221; global_colors_info=&#8221;{}&#8221;][et_pb_column type=&#8221;4_4&#8243; _builder_version=&#8221;4.16&#8243; global_colors_info=&#8221;{}&#8221;][et_pb_text _builder_version=&#8221;4.16&#8243; global_colors_info=&#8221;{}&#8221;]<\/p>\n<h3>Belts and vests<\/h3>\n<p>Belts and vests from MyWam are support accessories used for improvement and stabilization of patient both in siting and standing position as well as enhancement of his active and passive security. Most often used in wheelchairs, therapy seats, stairclimbers and gait trainers.<\/p>\n<p>Belts and vests are made of high quality materials assuring proper air circulation. Durable straps and skin friendly materials guarantee a long lasting and comfortable usage of our products. All compounds come from verified and approved suppliers only.<\/p>\n<p>NOTE that in order to choose suitable belt size, height, weight, age and all other specific physical conditions of the user must be provided in first place.<\/p>\n<p>[\/et_pb_text][et_pb_text _builder_version=&#8221;4.21.0&#8243; _module_preset=&#8221;default&#8221; hover_enabled=&#8221;0&#8243; sticky_enabled=&#8221;0&#8243; locked=&#8221;off&#8221;]<\/p>\n<p><span><strong>DISTRIBUTOR \/ MARKETING AND ADVERTISING:<\/strong> MyWam Polska sp. z o.o.<\/span><br \/><strong>MANUFACTURER: <\/strong>MyWam Kupiec Bartold Angres sp.j.<\/p>\n<p>[\/et_pb_text][et_pb_accordion _builder_version=&#8221;4.16&#8243; global_colors_info=&#8221;{}&#8221;][\/et_pb_accordion][\/et_pb_column][\/et_pb_row][et_pb_row column_structure=&#8221;1_3,1_3,1_3&#8243; use_custom_gutter=&#8221;on&#8221; _builder_version=&#8221;4.16&#8243; global_colors_info=&#8221;{}&#8221;][et_pb_column type=&#8221;1_3&#8243; _builder_version=&#8221;4.16&#8243; global_colors_info=&#8221;{}&#8221;][et_pb_blurb title=&#8221;Safety vests&#8221; url_new_window=&#8221;on&#8221; image=&#8221;https:\/\/mywam.pl\/wp-content\/uploads\/2020\/02\/kamizelka-b.jpg&#8221; _builder_version=&#8221;4.16&#8243; header_text_align=&#8221;center&#8221; link_option_url=&#8221;https:\/\/mywam.pl\/en\/accessories\/safety-vests\/&#8221; global_colors_info=&#8221;{}&#8221;]<\/p>\n<p><span>Protects the patient against falling off from the stroller, seat etc. giving additional stabilization at the same time. Its ergonomic shape assures most efficient stabilization without any pressure on the neck.<\/span><\/p>\n<p>[\/et_pb_blurb][\/et_pb_column][et_pb_column type=&#8221;1_3&#8243; _builder_version=&#8221;4.16&#8243; global_colors_info=&#8221;{}&#8221;][et_pb_blurb title=&#8221;Abduction belt&#8221; url_new_window=&#8221;on&#8221; image=&#8221;https:\/\/mywam.pl\/wp-content\/uploads\/2020\/02\/pasy-odwodzace-b.jpg&#8221; _builder_version=&#8221;4.16&#8243; header_text_align=&#8221;center&#8221; link_option_url=&#8221;https:\/\/mywam.pl\/en\/accessories\/abduction-belt\/&#8221; global_colors_info=&#8221;{}&#8221;]<\/p>\n<p><span>Abducts thigh and secures against poking out from the stroller or the seat. Its made of soft material assuring proper comfort in use.<\/span><\/p>\n<p>[\/et_pb_blurb][\/et_pb_column][et_pb_column type=&#8221;1_3&#8243; _builder_version=&#8221;4.16&#8243; global_colors_info=&#8221;{}&#8221;][et_pb_blurb title=&#8221;Four point belt \u2013 braces&#8221; url_new_window=&#8221;on&#8221; image=&#8221;https:\/\/mywam.pl\/wp-content\/uploads\/2020\/02\/pasy-4punktowe-b.jpg&#8221; _builder_version=&#8221;4.16&#8243; header_text_align=&#8221;center&#8221; link_option_url=&#8221;https:\/\/mywam.pl\/en\/accessories\/four-point-belt-braces\/&#8221; global_colors_info=&#8221;{}&#8221;]<\/p>\n<p><span>Used mainly to secure patient in the stroller. Belt fastening system is covered with soft material to enhance user\u2019s comfort.<\/span><\/p>\n<p>[\/et_pb_blurb][\/et_pb_column][\/et_pb_row][et_pb_row column_structure=&#8221;1_3,1_3,1_3&#8243; use_custom_gutter=&#8221;on&#8221; _builder_version=&#8221;4.16&#8243; global_colors_info=&#8221;{}&#8221;][et_pb_column type=&#8221;1_3&#8243; _builder_version=&#8221;4.16&#8243; global_colors_info=&#8221;{}&#8221;][et_pb_blurb title=&#8221;Two point belt (hips)&#8221; url_new_window=&#8221;on&#8221; image=&#8221;https:\/\/mywam.pl\/wp-content\/uploads\/2020\/02\/pas-2punktowy-b.jpg&#8221; _builder_version=&#8221;4.16&#8243; header_text_align=&#8221;center&#8221; link_option_url=&#8221;https:\/\/mywam.pl\/en\/accessories\/two-point-belt-hips\/&#8221; global_colors_info=&#8221;{}&#8221;]<\/p>\n<p><span>Used with less stable patients. Belt fastening system is covered with soft material to enhance user\u2019s comfort.<\/span><\/p>\n<p>[\/et_pb_blurb][\/et_pb_column][et_pb_column type=&#8221;1_3&#8243; _builder_version=&#8221;4.16&#8243; global_colors_info=&#8221;{}&#8221;][\/et_pb_column][et_pb_column type=&#8221;1_3&#8243; _builder_version=&#8221;4.16&#8243; global_colors_info=&#8221;{}&#8221;][\/et_pb_column][\/et_pb_row][\/et_pb_section][et_pb_section fb_built=&#8221;1&#8243; _builder_version=&#8221;4.16&#8243; background_enable_color=&#8221;off&#8221; use_background_color_gradient=&#8221;on&#8221; background_color_gradient_stops=&#8221;rgba(0,0,0,0.48) 0%|rgba(0,0,0,0.48) 100%&#8221; background_color_gradient_start=&#8221;rgba(0,0,0,0.48)&#8221; background_color_gradient_end=&#8221;rgba(0,0,0,0.48)&#8221; background_image=&#8221;https:\/\/mywam.pl\/wp-content\/uploads\/2020\/01\/Z-PLENER.jpg&#8221; parallax=&#8221;on&#8221; custom_padding=&#8221;78px||69px|||&#8221; saved_tabs=&#8221;all&#8221; global_colors_info=&#8221;{}&#8221;][et_pb_row _builder_version=&#8221;4.16&#8243; global_colors_info=&#8221;{}&#8221;][et_pb_column type=&#8221;4_4&#8243; _builder_version=&#8221;4.16&#8243; global_colors_info=&#8221;{}&#8221;][et_pb_text _builder_version=&#8221;4.16&#8243; text_orientation=&#8221;center&#8221; background_layout=&#8221;dark&#8221; global_colors_info=&#8221;{}&#8221;]<\/p>\n<h3>SEND INQUIRY<\/h3>\n<p>[\/et_pb_text][\/et_pb_column][\/et_pb_row][et_pb_row column_structure=&#8221;1_3,1_3,1_3&#8243; _builder_version=&#8221;4.16&#8243; global_colors_info=&#8221;{}&#8221;][et_pb_column type=&#8221;1_3&#8243; _builder_version=&#8221;4.16&#8243; global_colors_info=&#8221;{}&#8221;][et_pb_blurb title=&#8221;Tel. +48 530 304 144&#8243; use_icon=&#8221;on&#8221; font_icon=&#8221;&#xe066;||divi||400&#8243; icon_color=&#8221;#ffffff&#8221; icon_placement=&#8221;left&#8221; _builder_version=&#8221;4.16&#8243; background_layout=&#8221;dark&#8221; global_colors_info=&#8221;{}&#8221;][\/et_pb_blurb][\/et_pb_column][et_pb_column type=&#8221;1_3&#8243; _builder_version=&#8221;4.16&#8243; global_colors_info=&#8221;{}&#8221;][et_pb_blurb title=&#8221;kontakt@mywam.pl&#8221; use_icon=&#8221;on&#8221; font_icon=&#8221;&#xe010;||divi||400&#8243; icon_color=&#8221;#ffffff&#8221; icon_placement=&#8221;left&#8221; _builder_version=&#8221;4.16&#8243; background_layout=&#8221;dark&#8221; global_colors_info=&#8221;{}&#8221;][\/et_pb_blurb][\/et_pb_column][et_pb_column type=&#8221;1_3&#8243; _builder_version=&#8221;4.16&#8243; global_colors_info=&#8221;{}&#8221;][et_pb_blurb title=&#8221;Chorz\u00f3w, ul. Szczeci\u0144ska 10&#8243; use_icon=&#8221;on&#8221; font_icon=&#8221;&#xe01d;||divi||400&#8243; icon_color=&#8221;#ffffff&#8221; icon_placement=&#8221;left&#8221; _builder_version=&#8221;4.16&#8243; background_layout=&#8221;dark&#8221; global_colors_info=&#8221;{}&#8221;][\/et_pb_blurb][\/et_pb_column][\/et_pb_row][\/et_pb_section]<\/p>\n","protected":false},"excerpt":{"rendered":"<p>Belts and vests Belts and vests from MyWam are support accessories used for improvement and stabilization of patient both in siting and standing position as well as enhancement of his active and passive security. Most often used in wheelchairs, therapy seats, stairclimbers and gait trainers. Belts and vests are made of high quality materials assuring [&hellip;]<\/p>\n","protected":false},"author":5,"featured_media":0,"parent":0,"menu_order":0,"comment_status":"closed","ping_status":"closed","template":"","meta":{"_et_pb_use_builder":"on","_et_pb_old_content":"<p>[et_pb_section fb_built=\"1\" custom_padding_last_edited=\"on|phone\" _builder_version=\"4.2.2\" custom_margin_tablet=\"\" custom_margin_phone=\"0px||0px||false|false\" custom_margin_last_edited=\"on|phone\" custom_padding_tablet=\"\" custom_padding_phone=\"0px||0px||false|false\" global_module=\"374\"][et_pb_row custom_padding_last_edited=\"on|phone\" _builder_version=\"4.2.2\" custom_margin=\"||||false|false\" custom_padding_tablet=\"\" custom_padding_phone=\"||0px||false|false\"][et_pb_column type=\"4_4\" _builder_version=\"4.0.11\"][et_pb_post_title meta=\"off\" featured_image=\"off\" _builder_version=\"4.2.2\" text_orientation=\"center\"][\/et_pb_post_title][\/et_pb_column][\/et_pb_row][\/et_pb_section][et_pb_section fb_built=\"1\" _builder_version=\"4.0.11\" custom_padding=\"11px|||||\"][et_pb_row use_custom_gutter=\"on\" _builder_version=\"4.0.11\" custom_padding=\"||6px|||\"][et_pb_column type=\"4_4\" _builder_version=\"4.0.11\"][et_pb_text _builder_version=\"4.2.2\"]<\/p><h3>Pasy i kamizelki<\/h3><p>Pasy i kamizelki firmy MyWam s\u0105 akcesoriami pomocniczymi wykorzystywanymi do poprawy i stabilizacji sylwetki pacjenta w pozycji siedz\u0105cej i stoj\u0105cej oraz zwi\u0119kszenia jego bezpiecze\u0144stwa czynnego i biernego. Najcz\u0119\u015bciej stosowane przy w\u00f3zkach inwalidzkich, fotelikach terapeutycznych, schodo\u0142azach, pionizatorach itp.<\/p><p>Pasy i kamizelki wykonane s\u0105 z wysokiej jako\u015bci materia\u0142\u00f3w zapewniaj\u0105cych odpowiedni\u0105 cyrkulacj\u0119 powietrza. Wytrzyma\u0142e ta\u015bmy kaletnicze i przyjazne dla cia\u0142a tkaniny tapicerskie zapewniaj\u0105 wysok\u0105 trwa\u0142o\u015b\u0107 i komfort u\u017cytkowania naszych produkt\u00f3w. Wszystkie elementy zapi\u0119\u0107, regulacji i po\u0142\u0105cze\u0144 pochodz\u0105 tylko od sprawdzonych producent\u00f3w.<\/p><p>[\/et_pb_text][et_pb_accordion _builder_version=\"4.2.2\"][\/et_pb_accordion][\/et_pb_column][\/et_pb_row][et_pb_row column_structure=\"1_3,1_3,1_3\" use_custom_gutter=\"on\" _builder_version=\"4.0.11\"][et_pb_column type=\"1_3\" _builder_version=\"4.0.11\"][et_pb_blurb title=\"Kamizelka zabezpieczaj\u0105ca\" url_new_window=\"on\" image=\"https:\/\/mywam.pl\/wp-content\/uploads\/2020\/02\/kamizelka-b.jpg\" _builder_version=\"4.3.1\" link_option_url=\"https:\/\/mywam.pl\/akcesoria\/kamizelka-zabezpieczajaca\/\"]<\/p><p>Lorem ipsum dolor sit amet, consectetur adipiscing elit. Proin nibh augue, suscipit a, scelerisque sed, lacinia in, mi. Cras vel lorem.\u00a0<\/p><p>[\/et_pb_blurb][\/et_pb_column][et_pb_column type=\"1_3\" _builder_version=\"4.0.11\"][et_pb_blurb title=\"Pas odwodz\u0105co \u2013 stabilizuj\u0105cy\" url_new_window=\"on\" image=\"https:\/\/mywam.pl\/wp-content\/uploads\/2020\/02\/pasy-odwodzace-b.jpg\" _builder_version=\"4.3.1\" link_option_url=\"https:\/\/mywam.pl\/akcesoria\/pas-odwodzaco-stabilizujacy\/\"]<\/p><p>Lorem ipsum dolor sit amet, consectetur adipiscing elit. Proin nibh augue, suscipit a, scelerisque sed, lacinia in, mi. Cras vel lorem.\u00a0<\/p><p>[\/et_pb_blurb][\/et_pb_column][et_pb_column type=\"1_3\" _builder_version=\"4.0.11\"][et_pb_blurb title=\"Pas czteropunktowy \u2013 szelkowy\" url_new_window=\"on\" image=\"https:\/\/mywam.pl\/wp-content\/uploads\/2020\/02\/pasy-4punktowe-b.jpg\" _builder_version=\"4.3.1\" link_option_url=\"https:\/\/mywam.pl\/akcesoria\/pas-czteropunktowy-szelkowy\/\"]<\/p><p>Lorem ipsum dolor sit amet, consectetur adipiscing elit. Proin nibh augue, suscipit a, scelerisque sed, lacinia in, mi. Cras vel lorem.\u00a0<\/p><p>[\/et_pb_blurb][\/et_pb_column][\/et_pb_row][et_pb_row column_structure=\"1_3,1_3,1_3\" use_custom_gutter=\"on\" _builder_version=\"4.0.11\"][et_pb_column type=\"1_3\" _builder_version=\"4.0.11\"][et_pb_blurb title=\"Pas dwupunktowy biodrowy\" url_new_window=\"on\" image=\"https:\/\/mywam.pl\/wp-content\/uploads\/2020\/02\/pas-2punktowy-b.jpg\" _builder_version=\"4.3.1\" link_option_url=\"https:\/\/mywam.pl\/akcesoria\/pas-dwupunktowy-biodrowy\/\"]<\/p><p>Lorem ipsum dolor sit amet, consectetur adipiscing elit. Proin nibh augue, suscipit a, scelerisque sed, lacinia in, mi. Cras vel lorem.\u00a0<\/p><p>[\/et_pb_blurb][\/et_pb_column][et_pb_column type=\"1_3\" _builder_version=\"4.0.11\"][\/et_pb_column][et_pb_column type=\"1_3\" _builder_version=\"4.0.11\"][\/et_pb_column][\/et_pb_row][et_pb_row use_custom_gutter=\"on\" _builder_version=\"4.0.11\" custom_padding=\"||6px|||\"][et_pb_column type=\"4_4\" _builder_version=\"4.0.11\"][et_pb_text _builder_version=\"4.2.2\"]<\/p><h3>Akcesoria do w\u00f3zk\u00f3w specjalnych<\/h3><p>Lorem ipsum dolor sit amet, consectetur adipiscing elit. Proin nibh augue, suscipit a, scelerisque sed, lacinia in, mi. Cras vel lorem. Etiam pellentesque aliquet tellus. Phasellus pharetra nulla ac diam. Quisque semper justo at risus. Donec venenatis, turpis vel hendrerit interdum, dui ligula ultricies purus, sed posuere libero dui id orci. Nam congue, pede vitae dapibus aliquet, elit magna vulputate arcu, vel tempus metus leo non est.<\/p><p>Etiam sit amet lectus quis est congue mollis. Phasellus congue lacus eget neque. Phasellus ornare, ante vitae consectetuer consequat, purus sapien ultricies dolor, et mollis pede metus eget nisi. Praesent sodales velit quis augue. Cras suscipit, urna at aliquam rhoncus, urna quam viverra nisi, in interdum massa nibh nec erat.<\/p><p>[\/et_pb_text][\/et_pb_column][\/et_pb_row][et_pb_row column_structure=\"1_3,1_3,1_3\" use_custom_gutter=\"on\" _builder_version=\"4.0.11\"][et_pb_column type=\"1_3\" _builder_version=\"4.0.11\"][et_pb_blurb title=\"Os\u0142ony na szprychy do k\u00f3\u0142 w\u00f3zk\u00f3w inwalidzkich\" url_new_window=\"on\" image=\"https:\/\/mywam.pl\/wp-content\/uploads\/2020\/02\/oslony.jpg\" _builder_version=\"4.3.1\" link_option_url=\"https:\/\/mywam.pl\/akcesoria\/oslony-na-szprychy-do-kol-wozkow-inwalidzkich\/\"]<\/p><p>Lorem ipsum dolor sit amet, consectetur adipiscing elit. Proin nibh augue, suscipit a, scelerisque sed, lacinia in, mi. Cras vel lorem.\u00a0<\/p><p>[\/et_pb_blurb][\/et_pb_column][et_pb_column type=\"1_3\" _builder_version=\"4.0.11\"][\/et_pb_column][et_pb_column type=\"1_3\" _builder_version=\"4.0.11\"][\/et_pb_column][\/et_pb_row][\/et_pb_section][et_pb_section fb_built=\"1\" _builder_version=\"4.2.2\" background_enable_color=\"off\" use_background_color_gradient=\"on\" background_color_gradient_start=\"rgba(0,0,0,0.48)\" background_color_gradient_end=\"rgba(0,0,0,0.48)\" background_color_gradient_overlays_image=\"on\" background_image=\"https:\/\/mywam.pl\/wp-content\/uploads\/2020\/01\/Z-PLENER.jpg\" parallax=\"on\" custom_padding=\"78px||69px|||\" global_module=\"375\" saved_tabs=\"all\"][et_pb_row _builder_version=\"4.0.11\"][et_pb_column type=\"4_4\" _builder_version=\"4.0.11\"][et_pb_text _builder_version=\"4.2.2\" text_orientation=\"center\" background_layout=\"dark\"]<\/p><h3>Zapraszamy do kontaktu<\/h3><p>Lorem ipsum dolor sit amet, consectetur adipiscing elit. Proin nibh augue, suscipit a, scelerisque sed, lacinia in, mi. Cras vel lorem. Etiam pellentesque aliquet tellus. Phasellus pharetra nulla ac diam. Quisque semper justo at risus.<\/p><p>[\/et_pb_text][\/et_pb_column][\/et_pb_row][et_pb_row column_structure=\"1_3,1_3,1_3\" _builder_version=\"4.0.11\"][et_pb_column type=\"1_3\" _builder_version=\"4.0.11\"][et_pb_blurb title=\"Tel. 661 570 868\" use_icon=\"on\" font_icon=\"%%222%%\" icon_color=\"#ffffff\" icon_placement=\"left\" _builder_version=\"4.0.11\" background_layout=\"dark\"][\/et_pb_blurb][\/et_pb_column][et_pb_column type=\"1_3\" _builder_version=\"4.0.11\"][et_pb_blurb title=\"kontakt@mywam.pl\" use_icon=\"on\" font_icon=\"%%109%%\" icon_color=\"#ffffff\" icon_placement=\"left\" _builder_version=\"4.0.11\" background_layout=\"dark\"][\/et_pb_blurb][\/et_pb_column][et_pb_column type=\"1_3\" _builder_version=\"4.0.11\"][et_pb_blurb title=\"Chorz\u00f3w, ul. Szczeci\u0144ska 10\" use_icon=\"on\" font_icon=\"%%122%%\" icon_color=\"#ffffff\" icon_placement=\"left\" _builder_version=\"4.0.11\" background_layout=\"dark\"][\/et_pb_blurb][\/et_pb_column][\/et_pb_row][\/et_pb_section]<\/p>","_et_gb_content_width":"","_uag_custom_page_level_css":"","footnotes":""},"class_list":["post-2381","page","type-page","status-publish","hentry"],"yoast_head":"<!-- This site is optimized with the Yoast SEO plugin v27.5 - https:\/\/yoast.com\/product\/yoast-seo-wordpress\/ -->\n<title>Accessories - MYWAM - Rehabilitation and orthopedic equipment for children<\/title>\n<meta name=\"robots\" content=\"index, follow, max-snippet:-1, max-image-preview:large, max-video-preview:-1\" \/>\n<link rel=\"canonical\" href=\"https:\/\/mywam.pl\/en\/accessories\/\" \/>\n<meta property=\"og:locale\" content=\"en_US\" \/>\n<meta property=\"og:type\" content=\"article\" \/>\n<meta property=\"og:title\" content=\"Accessories - MYWAM - Rehabilitation and orthopedic equipment for children\" \/>\n<meta property=\"og:description\" content=\"Belts and vests Belts and vests from MyWam are support accessories used for improvement and stabilization of patient both in siting and standing position as well as enhancement of his active and passive security. Most often used in wheelchairs, therapy seats, stairclimbers and gait trainers. Belts and vests are made of high quality materials assuring [&hellip;]\" \/>\n<meta property=\"og:url\" content=\"https:\/\/mywam.pl\/en\/accessories\/\" \/>\n<meta property=\"og:site_name\" content=\"MYWAM - Rehabilitation and orthopedic equipment for children\" \/>\n<meta property=\"article:modified_time\" content=\"2023-06-30T12:40:25+00:00\" \/>\n<meta name=\"twitter:card\" content=\"summary_large_image\" \/>\n<meta name=\"twitter:label1\" content=\"Est. reading time\" \/>\n\t<meta name=\"twitter:data1\" content=\"5 minutes\" \/>\n<script type=\"application\/ld+json\" class=\"yoast-schema-graph\">{\"@context\":\"https:\\\/\\\/schema.org\",\"@graph\":[{\"@type\":\"WebPage\",\"@id\":\"https:\\\/\\\/mywam.pl\\\/en\\\/accessories\\\/\",\"url\":\"https:\\\/\\\/mywam.pl\\\/en\\\/accessories\\\/\",\"name\":\"Accessories - MYWAM - Rehabilitation and orthopedic equipment for children\",\"isPartOf\":{\"@id\":\"https:\\\/\\\/mywam.pl\\\/#website\"},\"datePublished\":\"2020-02-10T19:26:52+00:00\",\"dateModified\":\"2023-06-30T12:40:25+00:00\",\"breadcrumb\":{\"@id\":\"https:\\\/\\\/mywam.pl\\\/en\\\/accessories\\\/#breadcrumb\"},\"inLanguage\":\"en-US\",\"potentialAction\":[{\"@type\":\"ReadAction\",\"target\":[\"https:\\\/\\\/mywam.pl\\\/en\\\/accessories\\\/\"]}]},{\"@type\":\"BreadcrumbList\",\"@id\":\"https:\\\/\\\/mywam.pl\\\/en\\\/accessories\\\/#breadcrumb\",\"itemListElement\":[{\"@type\":\"ListItem\",\"position\":1,\"name\":\"Home\",\"item\":\"https:\\\/\\\/mywam.pl\\\/\"},{\"@type\":\"ListItem\",\"position\":2,\"name\":\"Accessories\"}]},{\"@type\":\"WebSite\",\"@id\":\"https:\\\/\\\/mywam.pl\\\/#website\",\"url\":\"https:\\\/\\\/mywam.pl\\\/\",\"name\":\"MYWAM - Rehabilitation and orthopedic equipment for children\",\"description\":\"Rehabilitation and orthopedic equipment for children\",\"potentialAction\":[{\"@type\":\"SearchAction\",\"target\":{\"@type\":\"EntryPoint\",\"urlTemplate\":\"https:\\\/\\\/mywam.pl\\\/?s={search_term_string}\"},\"query-input\":{\"@type\":\"PropertyValueSpecification\",\"valueRequired\":true,\"valueName\":\"search_term_string\"}}],\"inLanguage\":\"en-US\"}]}<\/script>\n<!-- \/ Yoast SEO plugin. -->","yoast_head_json":{"title":"Accessories - MYWAM - Rehabilitation and orthopedic equipment for children","robots":{"index":"index","follow":"follow","max-snippet":"max-snippet:-1","max-image-preview":"max-image-preview:large","max-video-preview":"max-video-preview:-1"},"canonical":"https:\/\/mywam.pl\/en\/accessories\/","og_locale":"en_US","og_type":"article","og_title":"Accessories - MYWAM - Rehabilitation and orthopedic equipment for children","og_description":"Belts and vests Belts and vests from MyWam are support accessories used for improvement and stabilization of patient both in siting and standing position as well as enhancement of his active and passive security. Most often used in wheelchairs, therapy seats, stairclimbers and gait trainers. Belts and vests are made of high quality materials assuring [&hellip;]","og_url":"https:\/\/mywam.pl\/en\/accessories\/","og_site_name":"MYWAM - Rehabilitation and orthopedic equipment for children","article_modified_time":"2023-06-30T12:40:25+00:00","twitter_card":"summary_large_image","twitter_misc":{"Est. reading time":"5 minutes"},"schema":{"@context":"https:\/\/schema.org","@graph":[{"@type":"WebPage","@id":"https:\/\/mywam.pl\/en\/accessories\/","url":"https:\/\/mywam.pl\/en\/accessories\/","name":"Accessories - MYWAM - Rehabilitation and orthopedic equipment for children","isPartOf":{"@id":"https:\/\/mywam.pl\/#website"},"datePublished":"2020-02-10T19:26:52+00:00","dateModified":"2023-06-30T12:40:25+00:00","breadcrumb":{"@id":"https:\/\/mywam.pl\/en\/accessories\/#breadcrumb"},"inLanguage":"en-US","potentialAction":[{"@type":"ReadAction","target":["https:\/\/mywam.pl\/en\/accessories\/"]}]},{"@type":"BreadcrumbList","@id":"https:\/\/mywam.pl\/en\/accessories\/#breadcrumb","itemListElement":[{"@type":"ListItem","position":1,"name":"Home","item":"https:\/\/mywam.pl\/"},{"@type":"ListItem","position":2,"name":"Accessories"}]},{"@type":"WebSite","@id":"https:\/\/mywam.pl\/#website","url":"https:\/\/mywam.pl\/","name":"MYWAM - Rehabilitation and orthopedic equipment for children","description":"Rehabilitation and orthopedic equipment for children","potentialAction":[{"@type":"SearchAction","target":{"@type":"EntryPoint","urlTemplate":"https:\/\/mywam.pl\/?s={search_term_string}"},"query-input":{"@type":"PropertyValueSpecification","valueRequired":true,"valueName":"search_term_string"}}],"inLanguage":"en-US"}]}},"uagb_featured_image_src":{"full":false,"thumbnail":false,"medium":false,"medium_large":false,"large":false,"1536x1536":false,"2048x2048":false,"et-pb-post-main-image":false,"et-pb-post-main-image-fullwidth":false,"et-pb-portfolio-image":false,"et-pb-portfolio-module-image":false,"et-pb-portfolio-image-single":false,"et-pb-gallery-module-image-portrait":false,"et-pb-post-main-image-fullwidth-large":false,"et-pb-image--responsive--desktop":false,"et-pb-image--responsive--tablet":false,"et-pb-image--responsive--phone":false},"uagb_author_info":{"display_name":"Kasia Malec","author_link":"https:\/\/mywam.pl\/en\/author\/kasia-malec\/"},"uagb_comment_info":0,"uagb_excerpt":"Belts and vests Belts and vests from MyWam are support accessories used for improvement and stabilization of patient both in siting and standing position as well as enhancement of his active and passive security. Most often used in wheelchairs, therapy seats, stairclimbers and gait trainers. Belts and vests are made of high quality materials assuring&hellip;","_links":{"self":[{"href":"https:\/\/mywam.pl\/en\/wp-json\/wp\/v2\/pages\/2381","targetHints":{"allow":["GET"]}}],"collection":[{"href":"https:\/\/mywam.pl\/en\/wp-json\/wp\/v2\/pages"}],"about":[{"href":"https:\/\/mywam.pl\/en\/wp-json\/wp\/v2\/types\/page"}],"author":[{"embeddable":true,"href":"https:\/\/mywam.pl\/en\/wp-json\/wp\/v2\/users\/5"}],"replies":[{"embeddable":true,"href":"https:\/\/mywam.pl\/en\/wp-json\/wp\/v2\/comments?post=2381"}],"version-history":[{"count":2,"href":"https:\/\/mywam.pl\/en\/wp-json\/wp\/v2\/pages\/2381\/revisions"}],"predecessor-version":[{"id":15882,"href":"https:\/\/mywam.pl\/en\/wp-json\/wp\/v2\/pages\/2381\/revisions\/15882"}],"wp:attachment":[{"href":"https:\/\/mywam.pl\/en\/wp-json\/wp\/v2\/media?parent=2381"}],"curies":[{"name":"wp","href":"https:\/\/api.w.org\/{rel}","templated":true}]}}