{"id":2432,"date":"2020-02-10T20:51:35","date_gmt":"2020-02-10T19:51:35","guid":{"rendered":"https:\/\/mywam.pl\/\/?page_id=2432"},"modified":"2020-11-19T08:45:31","modified_gmt":"2020-11-19T07:45:31","slug":"eu-projects","status":"publish","type":"page","link":"https:\/\/mywam.pl\/en\/eu-projects\/","title":{"rendered":"EU Projects"},"content":{"rendered":"<p>[et_pb_section fb_built=&#8221;1&#8243; _builder_version=&#8221;4.0.11&#8243; saved_tabs=&#8221;all&#8221;][et_pb_row _builder_version=&#8221;4.0.11&#8243;][et_pb_column type=&#8221;4_4&#8243; _builder_version=&#8221;4.0.11&#8243;][et_pb_post_title meta=&#8221;off&#8221; featured_image=&#8221;off&#8221; _builder_version=&#8221;4.0.11&#8243; text_orientation=&#8221;center&#8221;][\/et_pb_post_title][\/et_pb_column][\/et_pb_row][\/et_pb_section][et_pb_section fb_built=&#8221;1&#8243; _builder_version=&#8221;4.0.11&#8243;][et_pb_row _builder_version=&#8221;4.0.11&#8243;][et_pb_column type=&#8221;4_4&#8243; _builder_version=&#8221;4.0.11&#8243;][et_pb_image src=&#8221;https:\/\/mywam.pl\/wp-content\/uploads\/2020\/11\/pas-logotypy-EN.jpg&#8221; align=&#8221;center&#8221; _builder_version=&#8221;4.7.2&#8243; hover_enabled=&#8221;0&#8243; title_text=&#8221;pas-logotypy-EN&#8221; sticky_enabled=&#8221;0&#8243;][\/et_pb_image][et_pb_text _builder_version=&#8221;4.2.2&#8243; header_3_font_size=&#8221;21px&#8221; header_3_line_height=&#8221;1.2em&#8221; header_5_line_height=&#8221;1.4em&#8221; custom_padding=&#8221;||0px|||&#8221;]<\/p>\n<h3>Export sales development for own production based on intensive marketing actions<\/h3>\n<p>MYWAM Kupiec, Bartold, Angres General Parthership<\/p>\n<p>is carrying out project entitled \u201cExport sales development for own production based on intensive marketing actions\u201d\u00a0<span style=\"font-size: 15px;\">based on project entitled Operational Program Smart Development in years 2014-2020, priority axis 3 Supporting innovation in companies\u00a0<\/span><span style=\"font-size: 15px;\">action 3.3 Supporting marketing and internationalization of innovative companies\u00a0<\/span><span style=\"font-size: 15px;\">subaction 3.3.3 Supporting SMBs in marketing of produced brands \u2013 Go to Brand<\/span><\/p>\n<p><span style=\"font-size: 15px;\"> The goal of this project is to enhance both export sales in result of which our brand will be more recognizable on foreign markets as well as to start new investments.<\/span><\/p>\n<p>Total project value: 114\u00a0200,00 z\u0142<br \/> Subsidy value: 97\u00a0070,00 z\u0142<\/p>\n<p>[\/et_pb_text][\/et_pb_column][\/et_pb_row][\/et_pb_section][et_pb_section fb_built=&#8221;1&#8243; _builder_version=&#8221;4.2.2&#8243; background_enable_color=&#8221;off&#8221; use_background_color_gradient=&#8221;on&#8221; background_color_gradient_start=&#8221;rgba(0,0,0,0.48)&#8221; background_color_gradient_end=&#8221;rgba(0,0,0,0.48)&#8221; background_color_gradient_overlays_image=&#8221;on&#8221; background_image=&#8221;https:\/\/mywam.pl\/wp-content\/uploads\/2020\/01\/Z-PLENER.jpg&#8221; parallax=&#8221;on&#8221; custom_padding=&#8221;78px||69px|||&#8221; saved_tabs=&#8221;all&#8221;][et_pb_row _builder_version=&#8221;4.0.11&#8243;][et_pb_column type=&#8221;4_4&#8243; _builder_version=&#8221;4.0.11&#8243;][et_pb_text _builder_version=&#8221;4.2.2&#8243; text_orientation=&#8221;center&#8221; background_layout=&#8221;dark&#8221;]<\/p>\n<h3>SEND INQUIRY<\/h3>\n<p>[\/et_pb_text][\/et_pb_column][\/et_pb_row][et_pb_row column_structure=&#8221;1_3,1_3,1_3&#8243; _builder_version=&#8221;4.0.11&#8243;][et_pb_column type=&#8221;1_3&#8243; _builder_version=&#8221;4.0.11&#8243;][et_pb_blurb title=&#8221;Tel. 48 530 304 144&#8243; use_icon=&#8221;on&#8221; font_icon=&#8221;%%222%%&#8221; icon_color=&#8221;#ffffff&#8221; icon_placement=&#8221;left&#8221; _builder_version=&#8221;4.7.2&#8243; background_layout=&#8221;dark&#8221;][\/et_pb_blurb][\/et_pb_column][et_pb_column type=&#8221;1_3&#8243; _builder_version=&#8221;4.0.11&#8243;][et_pb_blurb title=&#8221;partner@mywam.pl&#8221; use_icon=&#8221;on&#8221; font_icon=&#8221;%%109%%&#8221; icon_color=&#8221;#ffffff&#8221; icon_placement=&#8221;left&#8221; _builder_version=&#8221;4.7.2&#8243; background_layout=&#8221;dark&#8221;][\/et_pb_blurb][\/et_pb_column][et_pb_column type=&#8221;1_3&#8243; _builder_version=&#8221;4.0.11&#8243;][et_pb_blurb title=&#8221;Chorz\u00f3w, ul. Szczeci\u0144ska 10&#8243; use_icon=&#8221;on&#8221; font_icon=&#8221;%%122%%&#8221; icon_color=&#8221;#ffffff&#8221; icon_placement=&#8221;left&#8221; _builder_version=&#8221;4.0.11&#8243; background_layout=&#8221;dark&#8221;][\/et_pb_blurb][\/et_pb_column][\/et_pb_row][\/et_pb_section]<\/p>\n","protected":false},"excerpt":{"rendered":"<p>Export sales development for own production based on intensive marketing actions MYWAM Kupiec, Bartold, Angres General Parthership is carrying out project entitled \u201cExport sales development for own production based on intensive marketing actions\u201d\u00a0based on project entitled Operational Program Smart Development in years 2014-2020, priority axis 3 Supporting innovation in companies\u00a0action 3.3 Supporting marketing and internationalization [&hellip;]<\/p>\n","protected":false},"author":5,"featured_media":0,"parent":0,"menu_order":0,"comment_status":"closed","ping_status":"closed","template":"","meta":{"_et_pb_use_builder":"on","_et_pb_old_content":"<p>[et_pb_section fb_built=\"1\" _builder_version=\"4.0.11\" global_module=\"374\" saved_tabs=\"all\"][et_pb_row _builder_version=\"4.0.11\"][et_pb_column type=\"4_4\" _builder_version=\"4.0.11\"][et_pb_post_title meta=\"off\" featured_image=\"off\" _builder_version=\"4.0.11\" text_orientation=\"center\"][\/et_pb_post_title][\/et_pb_column][\/et_pb_row][\/et_pb_section][et_pb_section fb_built=\"1\" _builder_version=\"4.0.11\"][et_pb_row _builder_version=\"4.0.11\"][et_pb_column type=\"4_4\" _builder_version=\"4.0.11\"][et_pb_image src=\"https:\/\/mywam.pl\/wp-content\/uploads\/2020\/01\/pas-logotypy-PL-1.jpg\" align=\"center\" _builder_version=\"4.2.2\" hover_enabled=\"0\"][\/et_pb_image][et_pb_text _builder_version=\"4.2.2\" header_5_line_height=\"1.4em\" hover_enabled=\"0\" header_3_font_size=\"21px\" header_3_line_height=\"1.2em\"]<\/p><h3>Rozwini\u0119cie sprzeda\u017cy eksportowej dla produkcji w\u0142asnej w oparciu o intensywne dzia\u0142ania marketingowe<\/h3><p>MYWAM Kupiec, Bartold, Angres Sp\u00f3\u0142ka Jawna<\/p><p>realizuje\u00a0projekt pt.<strong> \u201eRozwini\u0119cie sprzeda\u017cy eksportowej dla produkcji w\u0142asnej\u00a0<\/strong><strong>w oparciu o intensywne dzia\u0142ania marketingowe\u201d\u00a0<\/strong><span style=\"font-size: 16px;\">w ramach projektu Program Operacyjny Inteligentny Rozw\u00f3j na lata 2014-2020\u00a0<\/span> o\u015b priorytetowa 3 Wsparcie innowacji w przedsi\u0119biorstwach\u00a0<span style=\"font-size: 16px;\">dzia\u0142anie 3.3 Wsparcie promocji oraz internacjonalizacji innowacyjnych przedsi\u0119biorstw\u00a0<\/span><span style=\"font-size: 16px;\">poddzia\u0142anie 3.3.3 Wsparcie M\u015aP w promocji marek produktowych \u2013 Go to Brand.<\/span><\/p><p>Celem projektu jest zwi\u0119kszenie sprzeda\u017cy eksportowej czego efektem b\u0119dzie rozpoznawalno\u015b\u0107 naszej marki r\u00f3wnie\u017c na rynkach zagranicznych i nowe inwestycje.<\/p><p><strong>Warto\u015b\u0107 ca\u0142kowita projektu: 114 200,00 z\u0142<\/strong><\/p><p><strong>Warto\u015b\u0107 dofinansowania: 97\u00a0070,00 z\u0142<\/strong><\/p><p>[\/et_pb_text][\/et_pb_column][\/et_pb_row][\/et_pb_section][et_pb_section fb_built=\"1\" _builder_version=\"4.2.2\" background_enable_color=\"off\" use_background_color_gradient=\"on\" background_color_gradient_start=\"rgba(0,0,0,0.48)\" background_color_gradient_end=\"rgba(0,0,0,0.48)\" background_color_gradient_overlays_image=\"on\" background_image=\"https:\/\/mywam.pl\/wp-content\/uploads\/2020\/01\/Z-PLENER.jpg\" parallax=\"on\" custom_padding=\"78px||69px|||\" global_module=\"375\" saved_tabs=\"all\"][et_pb_row _builder_version=\"4.0.11\"][et_pb_column type=\"4_4\" _builder_version=\"4.0.11\"][et_pb_text _builder_version=\"4.2.2\" text_orientation=\"center\" background_layout=\"dark\"]<\/p><h3>Zapraszamy do kontaktu<\/h3><p>Lorem ipsum dolor sit amet, consectetur adipiscing elit. Proin nibh augue, suscipit a, scelerisque sed, lacinia in, mi. Cras vel lorem. Etiam pellentesque aliquet tellus. Phasellus pharetra nulla ac diam. Quisque semper justo at risus.<\/p><p>[\/et_pb_text][\/et_pb_column][\/et_pb_row][et_pb_row column_structure=\"1_3,1_3,1_3\" _builder_version=\"4.0.11\"][et_pb_column type=\"1_3\" _builder_version=\"4.0.11\"][et_pb_blurb title=\"Tel. 661 570 868\" use_icon=\"on\" font_icon=\"%%222%%\" icon_color=\"#ffffff\" icon_placement=\"left\" _builder_version=\"4.0.11\" background_layout=\"dark\"][\/et_pb_blurb][\/et_pb_column][et_pb_column type=\"1_3\" _builder_version=\"4.0.11\"][et_pb_blurb title=\"kontakt@mywam.pl\" use_icon=\"on\" font_icon=\"%%109%%\" icon_color=\"#ffffff\" icon_placement=\"left\" _builder_version=\"4.0.11\" background_layout=\"dark\"][\/et_pb_blurb][\/et_pb_column][et_pb_column type=\"1_3\" _builder_version=\"4.0.11\"][et_pb_blurb title=\"Chorz\u00f3w, ul. Szczeci\u0144ska 10\" use_icon=\"on\" font_icon=\"%%122%%\" icon_color=\"#ffffff\" icon_placement=\"left\" _builder_version=\"4.0.11\" background_layout=\"dark\"][\/et_pb_blurb][\/et_pb_column][\/et_pb_row][\/et_pb_section]<\/p>","_et_gb_content_width":"","_uag_custom_page_level_css":"","footnotes":""},"class_list":["post-2432","page","type-page","status-publish","hentry"],"yoast_head":"<!-- This site is optimized with the Yoast SEO plugin v27.5 - https:\/\/yoast.com\/product\/yoast-seo-wordpress\/ -->\n<title>EU Projects - MYWAM - Rehabilitation and orthopedic equipment for children<\/title>\n<meta name=\"robots\" content=\"index, follow, max-snippet:-1, max-image-preview:large, max-video-preview:-1\" \/>\n<link rel=\"canonical\" href=\"https:\/\/mywam.pl\/en\/eu-projects\/\" \/>\n<meta property=\"og:locale\" content=\"en_US\" \/>\n<meta property=\"og:type\" content=\"article\" \/>\n<meta property=\"og:title\" content=\"EU Projects - MYWAM - Rehabilitation and orthopedic equipment for children\" \/>\n<meta property=\"og:description\" content=\"Export sales development for own production based on intensive marketing actions MYWAM Kupiec, Bartold, Angres General Parthership is carrying out project entitled \u201cExport sales development for own production based on intensive marketing actions\u201d\u00a0based on project entitled Operational Program Smart Development in years 2014-2020, priority axis 3 Supporting innovation in companies\u00a0action 3.3 Supporting marketing and internationalization [&hellip;]\" \/>\n<meta property=\"og:url\" content=\"https:\/\/mywam.pl\/en\/eu-projects\/\" \/>\n<meta property=\"og:site_name\" content=\"MYWAM - Rehabilitation and orthopedic equipment for children\" \/>\n<meta property=\"article:modified_time\" content=\"2020-11-19T07:45:31+00:00\" \/>\n<meta name=\"twitter:card\" content=\"summary_large_image\" \/>\n<meta name=\"twitter:label1\" content=\"Est. reading time\" \/>\n\t<meta name=\"twitter:data1\" content=\"2 minutes\" \/>\n<script type=\"application\/ld+json\" class=\"yoast-schema-graph\">{\"@context\":\"https:\\\/\\\/schema.org\",\"@graph\":[{\"@type\":\"WebPage\",\"@id\":\"https:\\\/\\\/mywam.pl\\\/en\\\/eu-projects\\\/\",\"url\":\"https:\\\/\\\/mywam.pl\\\/en\\\/eu-projects\\\/\",\"name\":\"EU Projects - MYWAM - Rehabilitation and orthopedic equipment for children\",\"isPartOf\":{\"@id\":\"https:\\\/\\\/mywam.pl\\\/#website\"},\"datePublished\":\"2020-02-10T19:51:35+00:00\",\"dateModified\":\"2020-11-19T07:45:31+00:00\",\"breadcrumb\":{\"@id\":\"https:\\\/\\\/mywam.pl\\\/en\\\/eu-projects\\\/#breadcrumb\"},\"inLanguage\":\"en-US\",\"potentialAction\":[{\"@type\":\"ReadAction\",\"target\":[\"https:\\\/\\\/mywam.pl\\\/en\\\/eu-projects\\\/\"]}]},{\"@type\":\"BreadcrumbList\",\"@id\":\"https:\\\/\\\/mywam.pl\\\/en\\\/eu-projects\\\/#breadcrumb\",\"itemListElement\":[{\"@type\":\"ListItem\",\"position\":1,\"name\":\"Home\",\"item\":\"https:\\\/\\\/mywam.pl\\\/\"},{\"@type\":\"ListItem\",\"position\":2,\"name\":\"EU Projects\"}]},{\"@type\":\"WebSite\",\"@id\":\"https:\\\/\\\/mywam.pl\\\/#website\",\"url\":\"https:\\\/\\\/mywam.pl\\\/\",\"name\":\"MYWAM - Rehabilitation and orthopedic equipment for children\",\"description\":\"Rehabilitation and orthopedic equipment for children\",\"potentialAction\":[{\"@type\":\"SearchAction\",\"target\":{\"@type\":\"EntryPoint\",\"urlTemplate\":\"https:\\\/\\\/mywam.pl\\\/?s={search_term_string}\"},\"query-input\":{\"@type\":\"PropertyValueSpecification\",\"valueRequired\":true,\"valueName\":\"search_term_string\"}}],\"inLanguage\":\"en-US\"}]}<\/script>\n<!-- \/ Yoast SEO plugin. -->","yoast_head_json":{"title":"EU Projects - MYWAM - Rehabilitation and orthopedic equipment for children","robots":{"index":"index","follow":"follow","max-snippet":"max-snippet:-1","max-image-preview":"max-image-preview:large","max-video-preview":"max-video-preview:-1"},"canonical":"https:\/\/mywam.pl\/en\/eu-projects\/","og_locale":"en_US","og_type":"article","og_title":"EU Projects - MYWAM - Rehabilitation and orthopedic equipment for children","og_description":"Export sales development for own production based on intensive marketing actions MYWAM Kupiec, Bartold, Angres General Parthership is carrying out project entitled \u201cExport sales development for own production based on intensive marketing actions\u201d\u00a0based on project entitled Operational Program Smart Development in years 2014-2020, priority axis 3 Supporting innovation in companies\u00a0action 3.3 Supporting marketing and internationalization [&hellip;]","og_url":"https:\/\/mywam.pl\/en\/eu-projects\/","og_site_name":"MYWAM - Rehabilitation and orthopedic equipment for children","article_modified_time":"2020-11-19T07:45:31+00:00","twitter_card":"summary_large_image","twitter_misc":{"Est. reading time":"2 minutes"},"schema":{"@context":"https:\/\/schema.org","@graph":[{"@type":"WebPage","@id":"https:\/\/mywam.pl\/en\/eu-projects\/","url":"https:\/\/mywam.pl\/en\/eu-projects\/","name":"EU Projects - MYWAM - Rehabilitation and orthopedic equipment for children","isPartOf":{"@id":"https:\/\/mywam.pl\/#website"},"datePublished":"2020-02-10T19:51:35+00:00","dateModified":"2020-11-19T07:45:31+00:00","breadcrumb":{"@id":"https:\/\/mywam.pl\/en\/eu-projects\/#breadcrumb"},"inLanguage":"en-US","potentialAction":[{"@type":"ReadAction","target":["https:\/\/mywam.pl\/en\/eu-projects\/"]}]},{"@type":"BreadcrumbList","@id":"https:\/\/mywam.pl\/en\/eu-projects\/#breadcrumb","itemListElement":[{"@type":"ListItem","position":1,"name":"Home","item":"https:\/\/mywam.pl\/"},{"@type":"ListItem","position":2,"name":"EU Projects"}]},{"@type":"WebSite","@id":"https:\/\/mywam.pl\/#website","url":"https:\/\/mywam.pl\/","name":"MYWAM - Rehabilitation and orthopedic equipment for children","description":"Rehabilitation and orthopedic equipment for children","potentialAction":[{"@type":"SearchAction","target":{"@type":"EntryPoint","urlTemplate":"https:\/\/mywam.pl\/?s={search_term_string}"},"query-input":{"@type":"PropertyValueSpecification","valueRequired":true,"valueName":"search_term_string"}}],"inLanguage":"en-US"}]}},"uagb_featured_image_src":{"full":false,"thumbnail":false,"medium":false,"medium_large":false,"large":false,"1536x1536":false,"2048x2048":false,"et-pb-post-main-image":false,"et-pb-post-main-image-fullwidth":false,"et-pb-portfolio-image":false,"et-pb-portfolio-module-image":false,"et-pb-portfolio-image-single":false,"et-pb-gallery-module-image-portrait":false,"et-pb-post-main-image-fullwidth-large":false,"et-pb-image--responsive--desktop":false,"et-pb-image--responsive--tablet":false,"et-pb-image--responsive--phone":false},"uagb_author_info":{"display_name":"Kasia Malec","author_link":"https:\/\/mywam.pl\/en\/author\/kasia-malec\/"},"uagb_comment_info":0,"uagb_excerpt":"Export sales development for own production based on intensive marketing actions MYWAM Kupiec, Bartold, Angres General Parthership is carrying out project entitled \u201cExport sales development for own production based on intensive marketing actions\u201d\u00a0based on project entitled Operational Program Smart Development in years 2014-2020, priority axis 3 Supporting innovation in companies\u00a0action 3.3 Supporting marketing and internationalization&hellip;","_links":{"self":[{"href":"https:\/\/mywam.pl\/en\/wp-json\/wp\/v2\/pages\/2432","targetHints":{"allow":["GET"]}}],"collection":[{"href":"https:\/\/mywam.pl\/en\/wp-json\/wp\/v2\/pages"}],"about":[{"href":"https:\/\/mywam.pl\/en\/wp-json\/wp\/v2\/types\/page"}],"author":[{"embeddable":true,"href":"https:\/\/mywam.pl\/en\/wp-json\/wp\/v2\/users\/5"}],"replies":[{"embeddable":true,"href":"https:\/\/mywam.pl\/en\/wp-json\/wp\/v2\/comments?post=2432"}],"version-history":[{"count":4,"href":"https:\/\/mywam.pl\/en\/wp-json\/wp\/v2\/pages\/2432\/revisions"}],"predecessor-version":[{"id":7673,"href":"https:\/\/mywam.pl\/en\/wp-json\/wp\/v2\/pages\/2432\/revisions\/7673"}],"wp:attachment":[{"href":"https:\/\/mywam.pl\/en\/wp-json\/wp\/v2\/media?parent=2432"}],"curies":[{"name":"wp","href":"https:\/\/api.w.org\/{rel}","templated":true}]}}