{"id":2499,"date":"2020-02-10T21:05:09","date_gmt":"2020-02-10T20:05:09","guid":{"rendered":"https:\/\/mywam.pl\/\/?page_id=2499"},"modified":"2023-06-30T14:41:21","modified_gmt":"2023-06-30T12:41:21","slug":"orthotics","status":"publish","type":"page","link":"https:\/\/mywam.pl\/en\/orthotics\/","title":{"rendered":"Orthotics"},"content":{"rendered":"<p>[et_pb_section fb_built=&#8221;1&#8243; custom_padding_last_edited=&#8221;on|phone&#8221; _builder_version=&#8221;4.16&#8243; custom_margin_tablet=&#8221;&#8221; custom_margin_phone=&#8221;0px||0px||false|false&#8221; custom_margin_last_edited=&#8221;on|phone&#8221; custom_padding_tablet=&#8221;&#8221; custom_padding_phone=&#8221;0px||0px||false|false&#8221; global_colors_info=&#8221;{}&#8221;][et_pb_row custom_padding_last_edited=&#8221;on|phone&#8221; _builder_version=&#8221;4.16&#8243; custom_margin=&#8221;||||false|false&#8221; custom_padding_tablet=&#8221;&#8221; custom_padding_phone=&#8221;||0px||false|false&#8221; global_colors_info=&#8221;{}&#8221;][et_pb_column type=&#8221;4_4&#8243; _builder_version=&#8221;4.16&#8243; global_colors_info=&#8221;{}&#8221;][et_pb_post_title meta=&#8221;off&#8221; featured_image=&#8221;off&#8221; _builder_version=&#8221;4.16&#8243; text_orientation=&#8221;center&#8221; global_colors_info=&#8221;{}&#8221;][\/et_pb_post_title][\/et_pb_column][\/et_pb_row][et_pb_row _builder_version=&#8221;4.21.0&#8243; _module_preset=&#8221;default&#8221;][et_pb_column _builder_version=&#8221;4.21.0&#8243; _module_preset=&#8221;default&#8221; type=&#8221;4_4&#8243;][et_pb_text _builder_version=&#8221;4.21.0&#8243; _module_preset=&#8221;default&#8221; hover_enabled=&#8221;0&#8243; sticky_enabled=&#8221;0&#8243;]<\/p>\n<p>Your content goes here. Edit or remove this text inline or in the module Content settings. You can also style every aspect of this content in the module Design settings and even apply custom CSS to this text in the module Advanced settings.<\/p>\n<p>[\/et_pb_text][et_pb_text _builder_version=&#8221;4.21.0&#8243; _module_preset=&#8221;default&#8221; hover_enabled=&#8221;0&#8243; sticky_enabled=&#8221;0&#8243; locked=&#8221;off&#8221;]<\/p>\n<p><span><strong>DISTRIBUTOR \/ MARKETING AND ADVERTISING:<\/strong> MyWam Polska sp. z o.o.<\/span><br \/><strong>MANUFACTURER:<\/strong>Zak\u0142ad Elektromechaniczny ERHEM Ho\u0144czak i Wsp\u00f3lnicy Sp.J.<\/p>\n<p>[\/et_pb_text][\/et_pb_column][\/et_pb_row][\/et_pb_section][et_pb_section fb_built=&#8221;1&#8243; _builder_version=&#8221;4.16&#8243; custom_padding=&#8221;11px|||||&#8221; global_colors_info=&#8221;{}&#8221;][et_pb_row column_structure=&#8221;1_3,1_3,1_3&#8243; use_custom_gutter=&#8221;on&#8221; _builder_version=&#8221;4.16&#8243; global_colors_info=&#8221;{}&#8221;][et_pb_column type=&#8221;1_3&#8243; _builder_version=&#8221;4.16&#8243; global_colors_info=&#8221;{}&#8221;][et_pb_image src=&#8221;https:\/\/mywam.pl\/wp-content\/uploads\/2020\/02\/erhem.png&#8221; _builder_version=&#8221;4.16&#8243; global_colors_info=&#8221;{}&#8221;][\/et_pb_image][et_pb_blurb title=&#8221;HKAFO&#8221; url_new_window=&#8221;on&#8221; image=&#8221;https:\/\/mywam.pl\/wp-content\/uploads\/2020\/02\/HKAFO-0.jpg&#8221; _builder_version=&#8221;4.16&#8243; text_orientation=&#8221;center&#8221; link_option_url=&#8221;https:\/\/mywam.pl\/en\/orthotics\/hkafo&#8221; global_colors_info=&#8221;{}&#8221;]<\/p>\n<p style=\"text-align: center;\"><span>The HKAFO orthosis was created for children and youth. It enables the adoption of a stable seated or standing posture. The individual abilities of a patient decide about the stabilization of the trunk. The modular design of orthotics enables the adjustment of its dimensions.<\/span><\/p>\n<p>[\/et_pb_blurb][\/et_pb_column][et_pb_column type=&#8221;1_3&#8243; _builder_version=&#8221;4.16&#8243; _module_preset=&#8221;default&#8221; global_colors_info=&#8221;{}&#8221;][et_pb_image src=&#8221;https:\/\/mywam.pl\/wp-content\/uploads\/2020\/02\/erhem.png&#8221; url=&#8221;https:\/\/mywam.pl\/en\/orthotics\/erh-90-complete-standing-frame\/&#8221; _builder_version=&#8221;4.16&#8243; global_colors_info=&#8221;{}&#8221;][\/et_pb_image][et_pb_blurb title=&#8221;ERH 90.COMPLETE &#8221; url=&#8221;https:\/\/mywam.pl\/en\/orthotics\/erh-90-complete-standing-frame\/&#8221; url_new_window=&#8221;on&#8221; image=&#8221;https:\/\/mywam.pl\/wp-content\/uploads\/2020\/07\/rh90-1.jpg&#8221; _builder_version=&#8221;4.16&#8243; text_orientation=&#8221;center&#8221; width=&#8221;100%&#8221; custom_margin=&#8221;|||3px||&#8221; link_option_url=&#8221;https:\/\/mywam.pl\/en\/orthotics\/erh-90-complete-standing-frame\/&#8221; global_colors_info=&#8221;{}&#8221;]<\/p>\n<p style=\"text-align: center;\">The ERH 90.COMPLETE standing frame allows you to stand without the use of any additional devices. It is designed for children and adolescents with neurological disease entities who are unable to obtain a standing position on their own but do require to stand upright.<\/p>\n<p>[\/et_pb_blurb][\/et_pb_column][et_pb_column type=&#8221;1_3&#8243; _builder_version=&#8221;4.16&#8243; global_colors_info=&#8221;{}&#8221;][\/et_pb_column][\/et_pb_row][\/et_pb_section][et_pb_section fb_built=&#8221;1&#8243; _builder_version=&#8221;4.16&#8243; background_enable_color=&#8221;off&#8221; use_background_color_gradient=&#8221;on&#8221; background_color_gradient_stops=&#8221;rgba(0,0,0,0.48) 0%|rgba(0,0,0,0.48) 100%&#8221; background_color_gradient_start=&#8221;rgba(0,0,0,0.48)&#8221; background_color_gradient_end=&#8221;rgba(0,0,0,0.48)&#8221; background_image=&#8221;https:\/\/mywam.pl\/wp-content\/uploads\/2020\/01\/Z-PLENER.jpg&#8221; parallax=&#8221;on&#8221; custom_padding=&#8221;78px||69px|||&#8221; saved_tabs=&#8221;all&#8221; global_colors_info=&#8221;{}&#8221;][et_pb_row _builder_version=&#8221;4.16&#8243; global_colors_info=&#8221;{}&#8221;][et_pb_column type=&#8221;4_4&#8243; _builder_version=&#8221;4.16&#8243; global_colors_info=&#8221;{}&#8221;][et_pb_text _builder_version=&#8221;4.16&#8243; text_orientation=&#8221;center&#8221; background_layout=&#8221;dark&#8221; global_colors_info=&#8221;{}&#8221;]<\/p>\n<h3>SEND INQUIRY<\/h3>\n<p>[\/et_pb_text][\/et_pb_column][\/et_pb_row][et_pb_row column_structure=&#8221;1_3,1_3,1_3&#8243; _builder_version=&#8221;4.16&#8243; global_colors_info=&#8221;{}&#8221;][et_pb_column type=&#8221;1_3&#8243; _builder_version=&#8221;4.16&#8243; global_colors_info=&#8221;{}&#8221;][et_pb_blurb title=&#8221;Tel. +48 530 304 144&#8243; use_icon=&#8221;on&#8221; font_icon=&#8221;&#xe066;||divi||400&#8243; icon_color=&#8221;#ffffff&#8221; icon_placement=&#8221;left&#8221; _builder_version=&#8221;4.16&#8243; background_layout=&#8221;dark&#8221; global_colors_info=&#8221;{}&#8221;][\/et_pb_blurb][\/et_pb_column][et_pb_column type=&#8221;1_3&#8243; _builder_version=&#8221;4.16&#8243; global_colors_info=&#8221;{}&#8221;][et_pb_blurb title=&#8221;partner@mywam.pl&#8221; use_icon=&#8221;on&#8221; font_icon=&#8221;&#xe010;||divi||400&#8243; icon_color=&#8221;#ffffff&#8221; icon_placement=&#8221;left&#8221; _builder_version=&#8221;4.16&#8243; background_layout=&#8221;dark&#8221; global_colors_info=&#8221;{}&#8221;][\/et_pb_blurb][\/et_pb_column][et_pb_column type=&#8221;1_3&#8243; _builder_version=&#8221;4.16&#8243; global_colors_info=&#8221;{}&#8221;][et_pb_blurb title=&#8221;Chorz\u00f3w, ul. Szczeci\u0144ska 10&#8243; use_icon=&#8221;on&#8221; font_icon=&#8221;&#xe01d;||divi||400&#8243; icon_color=&#8221;#ffffff&#8221; icon_placement=&#8221;left&#8221; _builder_version=&#8221;4.16&#8243; background_layout=&#8221;dark&#8221; global_colors_info=&#8221;{}&#8221;][\/et_pb_blurb][\/et_pb_column][\/et_pb_row][et_pb_row _builder_version=&#8221;4.20.1&#8243; _module_preset=&#8221;default&#8221; global_colors_info=&#8221;{}&#8221;][et_pb_column type=&#8221;4_4&#8243; _builder_version=&#8221;4.20.1&#8243; _module_preset=&#8221;default&#8221; global_colors_info=&#8221;{}&#8221;][et_pb_text _builder_version=&#8221;4.20.1&#8243; _module_preset=&#8221;default&#8221; global_colors_info=&#8221;{}&#8221;]<\/p>\n<h1 style=\"text-align: center;\"><span style=\"color: #ffffff;\">ON OUR WEBSITE WE PRESENT MEDICAL DEVICES.<\/span><\/h1>\n<h1 style=\"text-align: center;\"><span style=\"color: #ffffff;\">USE THEM ACCORDING TO THE INSTRUCTIONS FOR USE OR LABEL.<\/span><\/h1>\n<p>[\/et_pb_text][\/et_pb_column][\/et_pb_row][\/et_pb_section]<\/p>\n","protected":false},"excerpt":{"rendered":"<p>Your content goes here. Edit or remove this text inline or in the module Content settings. You can also style every aspect of this content in the module Design settings and even apply custom CSS to this text in the module Advanced settings.DISTRIBUTOR \/ MARKETING AND ADVERTISING: MyWam Polska sp. z o.o.MANUFACTURER:Zak\u0142ad Elektromechaniczny ERHEM Ho\u0144czak [&hellip;]<\/p>\n","protected":false},"author":5,"featured_media":2002,"parent":0,"menu_order":0,"comment_status":"closed","ping_status":"closed","template":"","meta":{"_et_pb_use_builder":"on","_et_pb_old_content":"<p>[et_pb_section fb_built=\"1\" custom_padding_last_edited=\"on|phone\" _builder_version=\"4.2.2\" custom_margin_tablet=\"\" custom_margin_phone=\"0px||0px||false|false\" custom_margin_last_edited=\"on|phone\" custom_padding_tablet=\"\" custom_padding_phone=\"0px||0px||false|false\" global_module=\"374\"][et_pb_row custom_padding_last_edited=\"on|phone\" _builder_version=\"4.2.2\" custom_margin=\"||||false|false\" custom_padding_tablet=\"\" custom_padding_phone=\"||0px||false|false\"][et_pb_column type=\"4_4\" _builder_version=\"4.0.11\"][et_pb_post_title meta=\"off\" featured_image=\"off\" _builder_version=\"4.2.2\" text_orientation=\"center\"][\/et_pb_post_title][\/et_pb_column][\/et_pb_row][\/et_pb_section][et_pb_section fb_built=\"1\" _builder_version=\"4.0.11\" custom_padding=\"11px|||||\"][et_pb_row column_structure=\"1_3,1_3,1_3\" use_custom_gutter=\"on\" _builder_version=\"4.0.11\"][et_pb_column type=\"1_3\" _builder_version=\"4.0.11\"][et_pb_image src=\"https:\/\/mywam.pl\/wp-content\/uploads\/2020\/02\/erhem.png\" _builder_version=\"4.3.1\" hover_enabled=\"0\"][\/et_pb_image][et_pb_blurb title=\"Hkafo\" url_new_window=\"on\" image=\"https:\/\/mywam.pl\/wp-content\/uploads\/2020\/02\/HKAFO-0.jpg\" _builder_version=\"4.3.1\" link_option_url=\"https:\/\/mywam.pl\/ortotyka\/hkafo\/\" hover_enabled=\"0\"]<\/p><p>Lorem ipsum dolor sit amet, consectetur adipiscing elit. Proin nibh augue, suscipit a, scelerisque sed, lacinia in, mi. Cras vel lorem.\u00a0<\/p><p>[\/et_pb_blurb][\/et_pb_column][et_pb_column type=\"1_3\" _builder_version=\"4.0.11\"][\/et_pb_column][et_pb_column type=\"1_3\" _builder_version=\"4.0.11\"][\/et_pb_column][\/et_pb_row][\/et_pb_section][et_pb_section fb_built=\"1\" _builder_version=\"4.2.2\" background_enable_color=\"off\" use_background_color_gradient=\"on\" background_color_gradient_start=\"rgba(0,0,0,0.48)\" background_color_gradient_end=\"rgba(0,0,0,0.48)\" background_color_gradient_overlays_image=\"on\" background_image=\"https:\/\/mywam.pl\/wp-content\/uploads\/2020\/01\/Z-PLENER.jpg\" parallax=\"on\" custom_padding=\"78px||69px|||\" global_module=\"375\" saved_tabs=\"all\"][et_pb_row _builder_version=\"4.0.11\"][et_pb_column type=\"4_4\" _builder_version=\"4.0.11\"][et_pb_text _builder_version=\"4.2.2\" text_orientation=\"center\" background_layout=\"dark\"]<\/p><h3>Zapraszamy do kontaktu<\/h3><p>Lorem ipsum dolor sit amet, consectetur adipiscing elit. Proin nibh augue, suscipit a, scelerisque sed, lacinia in, mi. Cras vel lorem. Etiam pellentesque aliquet tellus. Phasellus pharetra nulla ac diam. Quisque semper justo at risus.<\/p><p>[\/et_pb_text][\/et_pb_column][\/et_pb_row][et_pb_row column_structure=\"1_3,1_3,1_3\" _builder_version=\"4.0.11\"][et_pb_column type=\"1_3\" _builder_version=\"4.0.11\"][et_pb_blurb title=\"Tel. 661 570 868\" use_icon=\"on\" font_icon=\"%%222%%\" icon_color=\"#ffffff\" icon_placement=\"left\" _builder_version=\"4.0.11\" background_layout=\"dark\"][\/et_pb_blurb][\/et_pb_column][et_pb_column type=\"1_3\" _builder_version=\"4.0.11\"][et_pb_blurb title=\"kontakt@mywam.pl\" use_icon=\"on\" font_icon=\"%%109%%\" icon_color=\"#ffffff\" icon_placement=\"left\" _builder_version=\"4.0.11\" background_layout=\"dark\"][\/et_pb_blurb][\/et_pb_column][et_pb_column type=\"1_3\" _builder_version=\"4.0.11\"][et_pb_blurb title=\"Chorz\u00f3w, ul. Szczeci\u0144ska 10\" use_icon=\"on\" font_icon=\"%%122%%\" icon_color=\"#ffffff\" icon_placement=\"left\" _builder_version=\"4.0.11\" background_layout=\"dark\"][\/et_pb_blurb][\/et_pb_column][\/et_pb_row][\/et_pb_section]<\/p>","_et_gb_content_width":"","_uag_custom_page_level_css":"","footnotes":""},"class_list":["post-2499","page","type-page","status-publish","has-post-thumbnail","hentry"],"yoast_head":"<!-- This site is optimized with the Yoast SEO plugin v27.3 - https:\/\/yoast.com\/product\/yoast-seo-wordpress\/ -->\n<title>Orthotics - MYWAM - Rehabilitation and orthopedic equipment for children<\/title>\n<meta name=\"robots\" content=\"index, follow, max-snippet:-1, max-image-preview:large, max-video-preview:-1\" \/>\n<link rel=\"canonical\" href=\"https:\/\/mywam.pl\/en\/orthotics\/\" \/>\n<meta property=\"og:locale\" content=\"en_US\" \/>\n<meta property=\"og:type\" content=\"article\" \/>\n<meta property=\"og:title\" content=\"Orthotics - MYWAM - Rehabilitation and orthopedic equipment for children\" \/>\n<meta property=\"og:description\" content=\"Your content goes here. Edit or remove this text inline or in the module Content settings. You can also style every aspect of this content in the module Design settings and even apply custom CSS to this text in the module Advanced settings.DISTRIBUTOR \/ MARKETING AND ADVERTISING: MyWam Polska sp. z o.o.MANUFACTURER:Zak\u0142ad Elektromechaniczny ERHEM Ho\u0144czak [&hellip;]\" \/>\n<meta property=\"og:url\" content=\"https:\/\/mywam.pl\/en\/orthotics\/\" \/>\n<meta property=\"og:site_name\" content=\"MYWAM - Rehabilitation and orthopedic equipment for children\" \/>\n<meta property=\"article:modified_time\" content=\"2023-06-30T12:41:21+00:00\" \/>\n<meta property=\"og:image\" content=\"https:\/\/mywam.pl\/wp-content\/uploads\/2020\/02\/HKAFO-C0.jpg\" \/>\n\t<meta property=\"og:image:width\" content=\"1575\" \/>\n\t<meta property=\"og:image:height\" content=\"1575\" \/>\n\t<meta property=\"og:image:type\" content=\"image\/jpeg\" \/>\n<meta name=\"twitter:card\" content=\"summary_large_image\" \/>\n<meta name=\"twitter:label1\" content=\"Est. reading time\" \/>\n\t<meta name=\"twitter:data1\" content=\"4 minutes\" \/>\n<script type=\"application\/ld+json\" class=\"yoast-schema-graph\">{\"@context\":\"https:\\\/\\\/schema.org\",\"@graph\":[{\"@type\":\"WebPage\",\"@id\":\"https:\\\/\\\/mywam.pl\\\/en\\\/orthotics\\\/\",\"url\":\"https:\\\/\\\/mywam.pl\\\/en\\\/orthotics\\\/\",\"name\":\"Orthotics - MYWAM - Rehabilitation and orthopedic equipment for children\",\"isPartOf\":{\"@id\":\"https:\\\/\\\/mywam.pl\\\/#website\"},\"primaryImageOfPage\":{\"@id\":\"https:\\\/\\\/mywam.pl\\\/en\\\/orthotics\\\/#primaryimage\"},\"image\":{\"@id\":\"https:\\\/\\\/mywam.pl\\\/en\\\/orthotics\\\/#primaryimage\"},\"thumbnailUrl\":\"https:\\\/\\\/mywam.pl\\\/wp-content\\\/uploads\\\/2020\\\/02\\\/HKAFO-C0.jpg\",\"datePublished\":\"2020-02-10T20:05:09+00:00\",\"dateModified\":\"2023-06-30T12:41:21+00:00\",\"breadcrumb\":{\"@id\":\"https:\\\/\\\/mywam.pl\\\/en\\\/orthotics\\\/#breadcrumb\"},\"inLanguage\":\"en-US\",\"potentialAction\":[{\"@type\":\"ReadAction\",\"target\":[\"https:\\\/\\\/mywam.pl\\\/en\\\/orthotics\\\/\"]}]},{\"@type\":\"ImageObject\",\"inLanguage\":\"en-US\",\"@id\":\"https:\\\/\\\/mywam.pl\\\/en\\\/orthotics\\\/#primaryimage\",\"url\":\"https:\\\/\\\/mywam.pl\\\/wp-content\\\/uploads\\\/2020\\\/02\\\/HKAFO-C0.jpg\",\"contentUrl\":\"https:\\\/\\\/mywam.pl\\\/wp-content\\\/uploads\\\/2020\\\/02\\\/HKAFO-C0.jpg\",\"width\":1575,\"height\":1575},{\"@type\":\"BreadcrumbList\",\"@id\":\"https:\\\/\\\/mywam.pl\\\/en\\\/orthotics\\\/#breadcrumb\",\"itemListElement\":[{\"@type\":\"ListItem\",\"position\":1,\"name\":\"Home\",\"item\":\"https:\\\/\\\/mywam.pl\\\/\"},{\"@type\":\"ListItem\",\"position\":2,\"name\":\"Orthotics\"}]},{\"@type\":\"WebSite\",\"@id\":\"https:\\\/\\\/mywam.pl\\\/#website\",\"url\":\"https:\\\/\\\/mywam.pl\\\/\",\"name\":\"MYWAM - Rehabilitation and orthopedic equipment for children\",\"description\":\"Rehabilitation and orthopedic equipment for children\",\"potentialAction\":[{\"@type\":\"SearchAction\",\"target\":{\"@type\":\"EntryPoint\",\"urlTemplate\":\"https:\\\/\\\/mywam.pl\\\/?s={search_term_string}\"},\"query-input\":{\"@type\":\"PropertyValueSpecification\",\"valueRequired\":true,\"valueName\":\"search_term_string\"}}],\"inLanguage\":\"en-US\"}]}<\/script>\n<!-- \/ Yoast SEO plugin. -->","yoast_head_json":{"title":"Orthotics - MYWAM - Rehabilitation and orthopedic equipment for children","robots":{"index":"index","follow":"follow","max-snippet":"max-snippet:-1","max-image-preview":"max-image-preview:large","max-video-preview":"max-video-preview:-1"},"canonical":"https:\/\/mywam.pl\/en\/orthotics\/","og_locale":"en_US","og_type":"article","og_title":"Orthotics - MYWAM - Rehabilitation and orthopedic equipment for children","og_description":"Your content goes here. Edit or remove this text inline or in the module Content settings. You can also style every aspect of this content in the module Design settings and even apply custom CSS to this text in the module Advanced settings.DISTRIBUTOR \/ MARKETING AND ADVERTISING: MyWam Polska sp. z o.o.MANUFACTURER:Zak\u0142ad Elektromechaniczny ERHEM Ho\u0144czak [&hellip;]","og_url":"https:\/\/mywam.pl\/en\/orthotics\/","og_site_name":"MYWAM - Rehabilitation and orthopedic equipment for children","article_modified_time":"2023-06-30T12:41:21+00:00","og_image":[{"width":1575,"height":1575,"url":"https:\/\/mywam.pl\/wp-content\/uploads\/2020\/02\/HKAFO-C0.jpg","type":"image\/jpeg"}],"twitter_card":"summary_large_image","twitter_misc":{"Est. reading time":"4 minutes"},"schema":{"@context":"https:\/\/schema.org","@graph":[{"@type":"WebPage","@id":"https:\/\/mywam.pl\/en\/orthotics\/","url":"https:\/\/mywam.pl\/en\/orthotics\/","name":"Orthotics - MYWAM - Rehabilitation and orthopedic equipment for children","isPartOf":{"@id":"https:\/\/mywam.pl\/#website"},"primaryImageOfPage":{"@id":"https:\/\/mywam.pl\/en\/orthotics\/#primaryimage"},"image":{"@id":"https:\/\/mywam.pl\/en\/orthotics\/#primaryimage"},"thumbnailUrl":"https:\/\/mywam.pl\/wp-content\/uploads\/2020\/02\/HKAFO-C0.jpg","datePublished":"2020-02-10T20:05:09+00:00","dateModified":"2023-06-30T12:41:21+00:00","breadcrumb":{"@id":"https:\/\/mywam.pl\/en\/orthotics\/#breadcrumb"},"inLanguage":"en-US","potentialAction":[{"@type":"ReadAction","target":["https:\/\/mywam.pl\/en\/orthotics\/"]}]},{"@type":"ImageObject","inLanguage":"en-US","@id":"https:\/\/mywam.pl\/en\/orthotics\/#primaryimage","url":"https:\/\/mywam.pl\/wp-content\/uploads\/2020\/02\/HKAFO-C0.jpg","contentUrl":"https:\/\/mywam.pl\/wp-content\/uploads\/2020\/02\/HKAFO-C0.jpg","width":1575,"height":1575},{"@type":"BreadcrumbList","@id":"https:\/\/mywam.pl\/en\/orthotics\/#breadcrumb","itemListElement":[{"@type":"ListItem","position":1,"name":"Home","item":"https:\/\/mywam.pl\/"},{"@type":"ListItem","position":2,"name":"Orthotics"}]},{"@type":"WebSite","@id":"https:\/\/mywam.pl\/#website","url":"https:\/\/mywam.pl\/","name":"MYWAM - Rehabilitation and orthopedic equipment for children","description":"Rehabilitation and orthopedic equipment for children","potentialAction":[{"@type":"SearchAction","target":{"@type":"EntryPoint","urlTemplate":"https:\/\/mywam.pl\/?s={search_term_string}"},"query-input":{"@type":"PropertyValueSpecification","valueRequired":true,"valueName":"search_term_string"}}],"inLanguage":"en-US"}]}},"uagb_featured_image_src":{"full":["https:\/\/mywam.pl\/wp-content\/uploads\/2020\/02\/HKAFO-C0.jpg",1575,1575,false],"thumbnail":["https:\/\/mywam.pl\/wp-content\/uploads\/2020\/02\/HKAFO-C0-150x150.jpg",150,150,true],"medium":["https:\/\/mywam.pl\/wp-content\/uploads\/2020\/02\/HKAFO-C0-300x300.jpg",300,300,true],"medium_large":["https:\/\/mywam.pl\/wp-content\/uploads\/2020\/02\/HKAFO-C0-768x768.jpg",768,768,true],"large":["https:\/\/mywam.pl\/wp-content\/uploads\/2020\/02\/HKAFO-C0-1024x1024.jpg",1024,1024,true],"1536x1536":["https:\/\/mywam.pl\/wp-content\/uploads\/2020\/02\/HKAFO-C0-1536x1536.jpg",1536,1536,true],"2048x2048":["https:\/\/mywam.pl\/wp-content\/uploads\/2020\/02\/HKAFO-C0.jpg",1575,1575,false],"et-pb-post-main-image":["https:\/\/mywam.pl\/wp-content\/uploads\/2020\/02\/HKAFO-C0-400x250.jpg",400,250,true],"et-pb-post-main-image-fullwidth":["https:\/\/mywam.pl\/wp-content\/uploads\/2020\/02\/HKAFO-C0-1080x675.jpg",1080,675,true],"et-pb-portfolio-image":["https:\/\/mywam.pl\/wp-content\/uploads\/2020\/02\/HKAFO-C0-400x284.jpg",400,284,true],"et-pb-portfolio-module-image":["https:\/\/mywam.pl\/wp-content\/uploads\/2020\/02\/HKAFO-C0-510x382.jpg",510,382,true],"et-pb-portfolio-image-single":["https:\/\/mywam.pl\/wp-content\/uploads\/2020\/02\/HKAFO-C0-1080x1080.jpg",1080,1080,true],"et-pb-gallery-module-image-portrait":["https:\/\/mywam.pl\/wp-content\/uploads\/2020\/02\/HKAFO-C0-400x516.jpg",400,516,true],"et-pb-post-main-image-fullwidth-large":["https:\/\/mywam.pl\/wp-content\/uploads\/2020\/02\/HKAFO-C0.jpg",1575,1575,false],"et-pb-image--responsive--desktop":["https:\/\/mywam.pl\/wp-content\/uploads\/2020\/02\/HKAFO-C0-1280x1280.jpg",720,720,true],"et-pb-image--responsive--tablet":["https:\/\/mywam.pl\/wp-content\/uploads\/2020\/02\/HKAFO-C0-980x980.jpg",551,551,true],"et-pb-image--responsive--phone":["https:\/\/mywam.pl\/wp-content\/uploads\/2020\/02\/HKAFO-C0-480x480.jpg",270,270,true]},"uagb_author_info":{"display_name":"Kasia Malec","author_link":"https:\/\/mywam.pl\/en\/author\/kasia-malec\/"},"uagb_comment_info":0,"uagb_excerpt":"Your content goes here. Edit or remove this text inline or in the module Content settings. You can also style every aspect of this content in the module Design settings and even apply custom CSS to this text in the module Advanced settings.DISTRIBUTOR \/ MARKETING AND ADVERTISING: MyWam Polska sp. z o.o.MANUFACTURER:Zak\u0142ad Elektromechaniczny ERHEM Ho\u0144czak&hellip;","_links":{"self":[{"href":"https:\/\/mywam.pl\/en\/wp-json\/wp\/v2\/pages\/2499","targetHints":{"allow":["GET"]}}],"collection":[{"href":"https:\/\/mywam.pl\/en\/wp-json\/wp\/v2\/pages"}],"about":[{"href":"https:\/\/mywam.pl\/en\/wp-json\/wp\/v2\/types\/page"}],"author":[{"embeddable":true,"href":"https:\/\/mywam.pl\/en\/wp-json\/wp\/v2\/users\/5"}],"replies":[{"embeddable":true,"href":"https:\/\/mywam.pl\/en\/wp-json\/wp\/v2\/comments?post=2499"}],"version-history":[{"count":6,"href":"https:\/\/mywam.pl\/en\/wp-json\/wp\/v2\/pages\/2499\/revisions"}],"predecessor-version":[{"id":15883,"href":"https:\/\/mywam.pl\/en\/wp-json\/wp\/v2\/pages\/2499\/revisions\/15883"}],"wp:featuredmedia":[{"embeddable":true,"href":"https:\/\/mywam.pl\/en\/wp-json\/wp\/v2\/media\/2002"}],"wp:attachment":[{"href":"https:\/\/mywam.pl\/en\/wp-json\/wp\/v2\/media?parent=2499"}],"curies":[{"name":"wp","href":"https:\/\/api.w.org\/{rel}","templated":true}]}}